{"id":3,"date":"2023-09-28T21:57:51","date_gmt":"2023-09-28T21:57:51","guid":{"rendered":"https:\/\/buliclaw.com\/hr\/?page_id=3"},"modified":"2024-05-08T21:36:00","modified_gmt":"2024-05-08T21:36:00","slug":"politika-privatnosti","status":"publish","type":"page","link":"https:\/\/buliclaw.com\/hr\/politika-privatnosti\/","title":{"rendered":"Politika privatnosti"},"content":{"rendered":"\t\t<div data-elementor-type=\"wp-page\" data-elementor-id=\"3\" class=\"elementor elementor-3\">\n\t\t\t\t\t\t\t\t\t<section class=\"elementor-section elementor-top-section elementor-element elementor-element-5bf131f elementor-section-boxed elementor-section-height-default elementor-section-height-default wpr-particle-no wpr-jarallax-no wpr-parallax-no wpr-sticky-section-no\" data-id=\"5bf131f\" data-element_type=\"section\">\n\t\t\t\t\t\t<div class=\"elementor-container elementor-column-gap-default\">\n\t\t\t\t\t<div class=\"elementor-column elementor-col-100 elementor-top-column elementor-element elementor-element-d4558d5\" data-id=\"d4558d5\" data-element_type=\"column\">\n\t\t\t<div class=\"elementor-widget-wrap elementor-element-populated\">\n\t\t\t\t\t\t\t\t<div class=\"elementor-element elementor-element-aed690e elementor-widget__width-initial elementor-widget elementor-widget-text-editor\" data-id=\"aed690e\" data-element_type=\"widget\" data-widget_type=\"text-editor.default\">\n\t\t\t\t<div class=\"elementor-widget-container\">\n\t\t\t<style>\/*! elementor - v3.16.0 - 20-09-2023 *\/\n.elementor-widget-text-editor.elementor-drop-cap-view-stacked .elementor-drop-cap{background-color:#69727d;color:#fff}.elementor-widget-text-editor.elementor-drop-cap-view-framed .elementor-drop-cap{color:#69727d;border:3px solid;background-color:transparent}.elementor-widget-text-editor:not(.elementor-drop-cap-view-default) .elementor-drop-cap{margin-top:8px}.elementor-widget-text-editor:not(.elementor-drop-cap-view-default) .elementor-drop-cap-letter{width:1em;height:1em}.elementor-widget-text-editor .elementor-drop-cap{float:left;text-align:center;line-height:1;font-size:50px}.elementor-widget-text-editor .elementor-drop-cap-letter{display:inline-block}<\/style>\t\t\t\t<p>GDPR Politika privatnosti<\/p><p>1. Uvod<\/p><p>Katarina Buli\u0107 Bestuli\u0107 u Buli\u0107 Lawu se zala\u017ee za za\u0161titu privatnosti i sigurnosti Va\u0161ih osobnih podataka. Ova pravila o privatnosti obja\u0161njavaju kako prikupljamo, koristimo, otkrivamo i \u0161titimo va\u0161e osobne podatke u skladu s Op\u0107om uredbom o za\u0161titi podataka (GDPR).<\/p><p>2. Podaci koje prikupljamo<\/p><p>Mo\u017eemo prikupljati i obra\u0111ivati \u200b\u200bsljede\u0107e vrste osobnih podataka:<\/p><p>Podaci za kontakt (npr. ime, adresa e-po\u0161te, broj telefona)<br \/>Identifikacijski podaci (npr. broj putovnice ili osobne iskaznice)<br \/>Financijski podaci (npr. podaci o naplati)<br \/>Profesionalne informacije (npr. naziv posla, naziv tvrtke)<\/p><p>3. Kako koristimo va\u0161e podatke<\/p><p>Va\u0161e osobne podatke koristimo u sljede\u0107e svrhe:<\/p><p>Za komunikaciju s vama i pru\u017eanje pravnih usluga<br \/>Za obradu pla\u0107anja i faktura<br \/>Za po\u0161tivanje zakonskih obveza<br \/>Za pobolj\u0161anje na\u0161ih usluga i korisni\u010dkog iskustva<\/p><p>4. Sigurnost podataka<\/p><p>Provodimo odgovaraju\u0107e tehni\u010dke i organizacijske mjere kako bismo za\u0161titili va\u0161e osobne podatke od neovla\u0161tenog pristupa, otkrivanja, izmjene ili uni\u0161tenja.<\/p><p>5. Zadr\u017eavanje podataka<\/p><p>Zadr\u017eat \u0107emo va\u0161e osobne podatke onoliko dugo koliko je potrebno za ispunjavanje svrha navedenih u ovoj politici privatnosti, osim ako je dulje razdoblje zadr\u017eavanja potrebno ili dopu\u0161teno zakonom.<\/p><p>6. Dijeljenje va\u0161ih podataka<\/p><p>Va\u0161e osobne podatke mo\u017eemo podijeliti s tre\u0107im stranama, uklju\u010duju\u0107i:<\/p><p>Pru\u017eatelji usluga i poslovni partneri koji nam poma\u017eu u pru\u017eanju pravnih usluga<br \/>Tijela za provedbu zakona ili regulatorna tijela prema zakonu<\/p><p>7. Va\u0161a prava<\/p><p>Imate pravo na:<\/p><p>Pristupite i zatra\u017eite kopiju svojih osobnih podataka<br \/>Ispravite sve neto\u010dnosti u svojim osobnim podacima<br \/>Izbri\u0161ite svoje osobne podatke pod odre\u0111enim uvjetima<br \/>Ograni\u010diti ili usprotiviti se obradi Va\u0161ih osobnih podataka<br \/>Prenosivost podataka, gdje je primjenjivo<\/p><p>8. Kontaktirajte nas<\/p><p>Ako imate bilo kakvih pitanja ili nedoumica o na\u0161im praksama privatnosti ili \u017eelite ostvariti svoja prava prema GDPR-u, kontaktirajte nas na katarina.bulic@buliclaw.com.<\/p><p>9. Promjene ove Politike<\/p><p>S vremena na vrijeme mo\u017eemo a\u017eurirati ovu politiku privatnosti. Sve promjene bit \u0107e objavljene na na\u0161oj web stranici i poti\u010demo vas da povremeno pregledate ovu politiku.<\/p>\t\t\t\t\t\t<\/div>\n\t\t\t\t<\/div>\n\t\t\t\t\t<\/div>\n\t\t<\/div>\n\t\t\t\t\t\t\t<\/div>\n\t\t<\/section>\n\t\t\t\t\t\t\t<\/div>\n\t\t","protected":false},"excerpt":{"rendered":"<p>GDPR Politika privatnosti 1. Uvod Katarina Buli\u0107 Bestuli\u0107 u Buli\u0107 Lawu se zala\u017ee za za\u0161titu privatnosti i sigurnosti Va\u0161ih osobnih&#8230;<\/p>\n","protected":false},"author":1,"featured_media":0,"parent":0,"menu_order":0,"comment_status":"closed","ping_status":"closed","template":"","meta":{"_monsterinsights_skip_tracking":false,"_monsterinsights_sitenote_active":false,"_monsterinsights_sitenote_note":"","_monsterinsights_sitenote_category":0,"footnotes":""},"class_list":["post-3","page","type-page","status-publish","hentry"],"post-meta":{"_wp_page_template":["default"],"_edit_last":["1"],"_edit_lock":["1715204155:1"],"site-container":["default"],"site-header-transparent":["default"],"site-page-header":["default"],"site-sidebar":["default"],"_elementor_edit_mode":["builder"],"_elementor_template_type":["wp-page"],"_elementor_version":["3.16.4"],"_elementor_data":["[{\"id\":\"5bf131f\",\"elType\":\"section\",\"settings\":{\"hover_parallax\":[{\"layer_position_vr\":{\"unit\":\"%\",\"size\":30},\"layer_position_hr\":{\"unit\":\"%\",\"size\":40},\"_id\":\"b5fbf1a\"},{\"layer_position_vr\":{\"unit\":\"%\",\"size\":60},\"layer_position_hr\":{\"unit\":\"%\",\"size\":20},\"_id\":\"ce3f4e4\"}]},\"elements\":[{\"id\":\"d4558d5\",\"elType\":\"column\",\"settings\":{\"_column_size\":100,\"_inline_size\":null},\"elements\":[{\"id\":\"aed690e\",\"elType\":\"widget\",\"settings\":{\"editor\":\"<p>GDPR Politika privatnosti<\\\/p><p>1. Uvod<\\\/p><p>Katarina Buli\\u0107 Bestuli\\u0107 u Buli\\u0107 Lawu se zala\\u017ee za za\\u0161titu privatnosti i sigurnosti Va\\u0161ih osobnih podataka. Ova pravila o privatnosti obja\\u0161njavaju kako prikupljamo, koristimo, otkrivamo i \\u0161titimo va\\u0161e osobne podatke u skladu s Op\\u0107om uredbom o za\\u0161titi podataka (GDPR).<\\\/p><p>2. Podaci koje prikupljamo<\\\/p><p>Mo\\u017eemo prikupljati i obra\\u0111ivati \\u200b\\u200bsljede\\u0107e vrste osobnih podataka:<\\\/p><p>Podaci za kontakt (npr. ime, adresa e-po\\u0161te, broj telefona)<br \\\/>Identifikacijski podaci (npr. broj putovnice ili osobne iskaznice)<br \\\/>Financijski podaci (npr. podaci o naplati)<br \\\/>Profesionalne informacije (npr. naziv posla, naziv tvrtke)<\\\/p><p>3. Kako koristimo va\\u0161e podatke<\\\/p><p>Va\\u0161e osobne podatke koristimo u sljede\\u0107e svrhe:<\\\/p><p>Za komunikaciju s vama i pru\\u017eanje pravnih usluga<br \\\/>Za obradu pla\\u0107anja i faktura<br \\\/>Za po\\u0161tivanje zakonskih obveza<br \\\/>Za pobolj\\u0161anje na\\u0161ih usluga i korisni\\u010dkog iskustva<\\\/p><p>4. Sigurnost podataka<\\\/p><p>Provodimo odgovaraju\\u0107e tehni\\u010dke i organizacijske mjere kako bismo za\\u0161titili va\\u0161e osobne podatke od neovla\\u0161tenog pristupa, otkrivanja, izmjene ili uni\\u0161tenja.<\\\/p><p>5. Zadr\\u017eavanje podataka<\\\/p><p>Zadr\\u017eat \\u0107emo va\\u0161e osobne podatke onoliko dugo koliko je potrebno za ispunjavanje svrha navedenih u ovoj politici privatnosti, osim ako je dulje razdoblje zadr\\u017eavanja potrebno ili dopu\\u0161teno zakonom.<\\\/p><p>6. Dijeljenje va\\u0161ih podataka<\\\/p><p>Va\\u0161e osobne podatke mo\\u017eemo podijeliti s tre\\u0107im stranama, uklju\\u010duju\\u0107i:<\\\/p><p>Pru\\u017eatelji usluga i poslovni partneri koji nam poma\\u017eu u pru\\u017eanju pravnih usluga<br \\\/>Tijela za provedbu zakona ili regulatorna tijela prema zakonu<\\\/p><p>7. Va\\u0161a prava<\\\/p><p>Imate pravo na:<\\\/p><p>Pristupite i zatra\\u017eite kopiju svojih osobnih podataka<br \\\/>Ispravite sve neto\\u010dnosti u svojim osobnim podacima<br \\\/>Izbri\\u0161ite svoje osobne podatke pod odre\\u0111enim uvjetima<br \\\/>Ograni\\u010diti ili usprotiviti se obradi Va\\u0161ih osobnih podataka<br \\\/>Prenosivost podataka, gdje je primjenjivo<\\\/p><p>8. Kontaktirajte nas<\\\/p><p>Ako imate bilo kakvih pitanja ili nedoumica o na\\u0161im praksama privatnosti ili \\u017eelite ostvariti svoja prava prema GDPR-u, kontaktirajte nas na katarina.bulic@buliclaw.com.<\\\/p><p>9. Promjene ove Politike<\\\/p><p>S vremena na vrijeme mo\\u017eemo a\\u017eurirati ovu politiku privatnosti. Sve promjene bit \\u0107e objavljene na na\\u0161oj web stranici i poti\\u010demo vas da povremeno pregledate ovu politiku.<\\\/p>\",\"_element_width\":\"initial\",\"_element_custom_width\":{\"unit\":\"%\",\"size\":99.911},\"text_color\":\"#000000\"},\"elements\":[],\"widgetType\":\"text-editor\"}],\"isInner\":false}],\"isInner\":false}]"],"_elementor_page_assets":["a:0:{}"],"_cmplz_scanned_post":["1"],"_elementor_css":["a:6:{s:4:\"time\";i:1715205516;s:5:\"fonts\";a:0:{}s:5:\"icons\";a:0:{}s:20:\"dynamic_elements_ids\";a:0:{}s:6:\"status\";s:4:\"file\";i:0;s:0:\"\";}"]},"_links":{"self":[{"href":"https:\/\/buliclaw.com\/hr\/wp-json\/wp\/v2\/pages\/3","targetHints":{"allow":["GET"]}}],"collection":[{"href":"https:\/\/buliclaw.com\/hr\/wp-json\/wp\/v2\/pages"}],"about":[{"href":"https:\/\/buliclaw.com\/hr\/wp-json\/wp\/v2\/types\/page"}],"author":[{"embeddable":true,"href":"https:\/\/buliclaw.com\/hr\/wp-json\/wp\/v2\/users\/1"}],"replies":[{"embeddable":true,"href":"https:\/\/buliclaw.com\/hr\/wp-json\/wp\/v2\/comments?post=3"}],"version-history":[{"count":11,"href":"https:\/\/buliclaw.com\/hr\/wp-json\/wp\/v2\/pages\/3\/revisions"}],"predecessor-version":[{"id":1842,"href":"https:\/\/buliclaw.com\/hr\/wp-json\/wp\/v2\/pages\/3\/revisions\/1842"}],"wp:attachment":[{"href":"https:\/\/buliclaw.com\/hr\/wp-json\/wp\/v2\/media?parent=3"}],"curies":[{"name":"wp","href":"https:\/\/api.w.org\/{rel}","templated":true}]}}